{"id":412,"date":"2024-03-26T15:34:18","date_gmt":"2024-03-26T14:34:18","guid":{"rendered":"https:\/\/stabkd.com\/?page_id=412"},"modified":"2025-08-09T20:21:00","modified_gmt":"2025-08-09T18:21:00","slug":"a-propos","status":"publish","type":"page","link":"https:\/\/stabkd.com\/index.php\/a-propos\/","title":{"rendered":"a-propos"},"content":{"rendered":"\t\t<div data-elementor-type=\"wp-page\" data-elementor-id=\"412\" class=\"elementor elementor-412\">\n\t\t\t\t<div class=\"elementor-element elementor-element-28c23e8 e-flex e-con-boxed e-con e-parent\" data-id=\"28c23e8\" data-element_type=\"container\" data-e-type=\"container\" data-settings=\"{&quot;background_background&quot;:&quot;classic&quot;}\">\n\t\t\t\t\t<div class=\"e-con-inner\">\n\t\t\t\t<div class=\"elementor-element elementor-element-08bfbd2 elementor-widget elementor-widget-heading\" data-id=\"08bfbd2\" data-element_type=\"widget\" data-e-type=\"widget\" data-widget_type=\"heading.default\">\n\t\t\t\t<div class=\"elementor-widget-container\">\n\t\t\t\t\t<h2 class=\"elementor-heading-title elementor-size-default\">A propos de nous<\/h2>\t\t\t\t<\/div>\n\t\t\t\t<\/div>\n\t\t\t\t\t<\/div>\n\t\t\t\t<\/div>\n\t\t<div class=\"elementor-element elementor-element-b1c67fa e-flex e-con-boxed e-con e-parent\" data-id=\"b1c67fa\" data-element_type=\"container\" data-e-type=\"container\">\n\t\t\t\t\t<div class=\"e-con-inner\">\n\t\t\t\t<div class=\"elementor-element elementor-element-e0f43fe elementor-widget elementor-widget-heading\" data-id=\"e0f43fe\" data-element_type=\"widget\" data-e-type=\"widget\" data-widget_type=\"heading.default\">\n\t\t\t\t<div class=\"elementor-widget-container\">\n\t\t\t\t\t<h2 class=\"elementor-heading-title elementor-size-default\">Vous pouvez r\u00e9aliser un ou plusieurs projets.<\/h2>\t\t\t\t<\/div>\n\t\t\t\t<\/div>\n\t\t\t\t\t<\/div>\n\t\t\t\t<\/div>\n\t\t<div class=\"elementor-element elementor-element-cf878a9 e-flex e-con-boxed e-con e-parent\" data-id=\"cf878a9\" data-element_type=\"container\" data-e-type=\"container\">\n\t\t\t\t\t<div class=\"e-con-inner\">\n\t\t<div class=\"elementor-element elementor-element-ff4cc2c e-con-full e-flex e-con e-child\" data-id=\"ff4cc2c\" data-element_type=\"container\" data-e-type=\"container\">\n\t\t\t\t<div class=\"elementor-element elementor-element-de359dc elementor-widget elementor-widget-image\" data-id=\"de359dc\" data-element_type=\"widget\" data-e-type=\"widget\" data-widget_type=\"image.default\">\n\t\t\t\t<div class=\"elementor-widget-container\">\n\t\t\t\t\t\t\t\t\t\t\t\t\t\t\t<img fetchpriority=\"high\" decoding=\"async\" width=\"551\" height=\"537\" src=\"https:\/\/stabkd.com\/wp-content\/uploads\/2025\/08\/main-services-1.jpg\" class=\"attachment-large size-large wp-image-1082\" alt=\"\" srcset=\"https:\/\/stabkd.com\/wp-content\/uploads\/2025\/08\/main-services-1.jpg 551w, https:\/\/stabkd.com\/wp-content\/uploads\/2025\/08\/main-services-1-300x292.jpg 300w\" sizes=\"(max-width: 551px) 100vw, 551px\" \/>\t\t\t\t\t\t\t\t\t\t\t\t\t\t\t<\/div>\n\t\t\t\t<\/div>\n\t\t\t\t<\/div>\n\t\t<div class=\"elementor-element elementor-element-5b6552d e-con-full e-flex e-con e-child\" data-id=\"5b6552d\" data-element_type=\"container\" data-e-type=\"container\">\n\t\t\t\t<div class=\"elementor-element elementor-element-8143566 elementor-widget elementor-widget-heading\" data-id=\"8143566\" data-element_type=\"widget\" data-e-type=\"widget\" data-widget_type=\"heading.default\">\n\t\t\t\t<div class=\"elementor-widget-container\">\n\t\t\t\t\t<h2 class=\"elementor-heading-title elementor-size-default\">Stabilita, votre partenaire de confiance pour tous vos projets.<\/h2>\t\t\t\t<\/div>\n\t\t\t\t<\/div>\n\t\t\t\t<div class=\"elementor-element elementor-element-00695e4 elementor-widget elementor-widget-text-editor\" data-id=\"00695e4\" data-element_type=\"widget\" data-e-type=\"widget\" data-widget_type=\"text-editor.default\">\n\t\t\t\t<div class=\"elementor-widget-container\">\n\t\t\t\t\t\t\t\t\t<p data-start=\"0\" data-end=\"219\"><b>Stabilita poss\u00e8de un agr\u00e9ment d&rsquo;\u00e9tablissement de Cr\u00e9dit (agr\u00e9\u00e9e aupr\u00e8s de l&rsquo;ACPR et de l&rsquo;AMF), cela montre notre s\u00e9rieux dans le secteur. <\/b>Nous sommes un organisme sp\u00e9cialis\u00e9 dans l\u2019octroi de cr\u00e9dit personnel. Nous vous proposons une gamme de pr\u00eats \u00e0 taux avantageux pour financer tous vos projets : travaux, automobile ou besoins personnels.<\/p><p data-start=\"221\" data-end=\"501\">\u00catre une entreprise partenaire, c\u2019est accompagner ses clients \u00e0 chaque \u00e9tape de leur vie, en leur offrant un service de qualit\u00e9. C\u2019est fournir des r\u00e9ponses claires et rapides \u00e0 chaque demande. C\u2019est aussi pouvoir compter sur une \u00e9quipe d\u2019experts du cr\u00e9dit, r\u00e9guli\u00e8rement form\u00e9s.<\/p><p data-start=\"503\" data-end=\"631\" data-is-last-node=\"\" data-is-only-node=\"\">\u00catre une entreprise de cr\u00e9dit responsable, c\u2019est enfin accepter les contr\u00f4les les plus rigoureux. <b>Stabilita <\/b>s\u2019y engage pleinement.<\/p>\t\t\t\t\t\t\t\t<\/div>\n\t\t\t\t<\/div>\n\t\t\t\t<div class=\"elementor-element elementor-element-d2e185c elementor-mobile-align-center elementor-widget elementor-widget-button\" data-id=\"d2e185c\" data-element_type=\"widget\" data-e-type=\"widget\" data-widget_type=\"button.default\">\n\t\t\t\t<div class=\"elementor-widget-container\">\n\t\t\t\t\t\t\t\t\t<div class=\"elementor-button-wrapper\">\n\t\t\t\t\t<a class=\"elementor-button elementor-button-link elementor-size-sm\" href=\"https:\/\/stabkd.com\/index.php\/demander-un-credit\/\">\n\t\t\t\t\t\t<span class=\"elementor-button-content-wrapper\">\n\t\t\t\t\t\t\t\t\t<span class=\"elementor-button-text\">Demander un cr\u00e9dit<\/span>\n\t\t\t\t\t<\/span>\n\t\t\t\t\t<\/a>\n\t\t\t\t<\/div>\n\t\t\t\t\t\t\t\t<\/div>\n\t\t\t\t<\/div>\n\t\t\t\t<\/div>\n\t\t\t\t\t<\/div>\n\t\t\t\t<\/div>\n\t\t<div class=\"elementor-element elementor-element-fd68ad6 e-flex e-con-boxed e-con e-parent\" data-id=\"fd68ad6\" data-element_type=\"container\" data-e-type=\"container\">\n\t\t\t\t\t<div class=\"e-con-inner\">\n\t\t\t\t<div class=\"elementor-element elementor-element-a3940df elementor-widget elementor-widget-heading\" data-id=\"a3940df\" data-element_type=\"widget\" data-e-type=\"widget\" data-widget_type=\"heading.default\">\n\t\t\t\t<div class=\"elementor-widget-container\">\n\t\t\t\t\t<h2 class=\"elementor-heading-title elementor-size-default\">Aucun justificatif d\u2019utilisation ne vous sera demand\u00e9.\nVous \u00eates libre d\u2019utiliser votre cr\u00e9dit comme bon vous semble : c\u2019est vous qui d\u00e9cidez !<\/h2>\t\t\t\t<\/div>\n\t\t\t\t<\/div>\n\t\t<div class=\"elementor-element elementor-element-05fa2d4 e-grid e-con-boxed e-con e-child\" data-id=\"05fa2d4\" data-element_type=\"container\" data-e-type=\"container\">\n\t\t\t\t\t<div class=\"e-con-inner\">\n\t\t\t\t<div class=\"elementor-element elementor-element-50fd445 elementor-widget elementor-widget-heading\" data-id=\"50fd445\" data-element_type=\"widget\" data-e-type=\"widget\" data-widget_type=\"heading.default\">\n\t\t\t\t<div class=\"elementor-widget-container\">\n\t\t\t\t\t<p class=\"elementor-heading-title elementor-size-default\">Vous pouvez demander la modulation des remboursements de votre cr\u00e9dit \u00e0 la hausse ou \u00e0 la baisse tous les 6 mois.<br><br>\nVous pouvez demander le report d\u2019une mensualit\u00e9 chaque ann\u00e9e.<\/p>\t\t\t\t<\/div>\n\t\t\t\t<\/div>\n\t\t\t\t<div class=\"elementor-element elementor-element-a060b73 elementor-widget elementor-widget-heading\" data-id=\"a060b73\" data-element_type=\"widget\" data-e-type=\"widget\" data-widget_type=\"heading.default\">\n\t\t\t\t<div class=\"elementor-widget-container\">\n\t\t\t\t\t<p class=\"elementor-heading-title elementor-size-default\">Vous pouvez rembourser tout ou partie de votre cr\u00e9dit sans p\u00e9nalit\u00e9.<br><br>\n\nEn cas de remboursement partiel, vous pouvez r\u00e9duire la dur\u00e9e de votre pr\u00eat ou r\u00e9duire votre mensualit\u00e9.<\/p>\t\t\t\t<\/div>\n\t\t\t\t<\/div>\n\t\t\t\t<div class=\"elementor-element elementor-element-1622834 elementor-widget elementor-widget-heading\" data-id=\"1622834\" data-element_type=\"widget\" data-e-type=\"widget\" data-widget_type=\"heading.default\">\n\t\t\t\t<div class=\"elementor-widget-container\">\n\t\t\t\t\t<p class=\"elementor-heading-title elementor-size-default\">Vous pouvez assurer votre cr\u00e9dit, pour votre tranquillit\u00e9 et celle de vos proches.<br><br>\n\nVous recevez votre financement sous 24H.\nApr\u00e8s acceptation de votre dossier pour le pr\u00eat personnel<\/p>\t\t\t\t<\/div>\n\t\t\t\t<\/div>\n\t\t\t\t<div class=\"elementor-element elementor-element-530c40e elementor-widget elementor-widget-heading\" data-id=\"530c40e\" data-element_type=\"widget\" data-e-type=\"widget\" data-widget_type=\"heading.default\">\n\t\t\t\t<div class=\"elementor-widget-container\">\n\t\t\t\t\t<p class=\"elementor-heading-title elementor-size-default\">L\u2019assurance invalidit\u00e9 d\u00e9c\u00e8s et ch\u00f4mage suite \u00e0 licenciement vous permet de faire face aux al\u00e9as de la vie.<br><br>\n\nEn cas de perte d\u2019emploi ou si vous \u00eates dans l'incapacit\u00e9 de travailler, l'assurance prend en charge vos mensualit\u00e9s.<\/p>\t\t\t\t<\/div>\n\t\t\t\t<\/div>\n\t\t\t\t\t<\/div>\n\t\t\t\t<\/div>\n\t\t\t\t\t<\/div>\n\t\t\t\t<\/div>\n\t\t\t\t<\/div>\n\t\t","protected":false},"excerpt":{"rendered":"<p>A propos de nous Vous pouvez r\u00e9aliser un ou plusieurs projets. Stabilita, votre partenaire de confiance pour tous vos projets. Stabilita poss\u00e8de un agr\u00e9ment d&rsquo;\u00e9tablissement de Cr\u00e9dit (agr\u00e9\u00e9e aupr\u00e8s de l&rsquo;ACPR et de l&rsquo;AMF), cela montre notre s\u00e9rieux dans le secteur. Nous sommes un organisme sp\u00e9cialis\u00e9 dans l\u2019octroi de cr\u00e9dit personnel. Nous vous proposons une [&hellip;]<\/p>\n","protected":false},"author":1,"featured_media":0,"parent":0,"menu_order":0,"comment_status":"closed","ping_status":"closed","template":"elementor_header_footer","meta":{"footnotes":""},"class_list":["post-412","page","type-page","status-publish","hentry"],"_links":{"self":[{"href":"https:\/\/stabkd.com\/index.php\/wp-json\/wp\/v2\/pages\/412","targetHints":{"allow":["GET"]}}],"collection":[{"href":"https:\/\/stabkd.com\/index.php\/wp-json\/wp\/v2\/pages"}],"about":[{"href":"https:\/\/stabkd.com\/index.php\/wp-json\/wp\/v2\/types\/page"}],"author":[{"embeddable":true,"href":"https:\/\/stabkd.com\/index.php\/wp-json\/wp\/v2\/users\/1"}],"replies":[{"embeddable":true,"href":"https:\/\/stabkd.com\/index.php\/wp-json\/wp\/v2\/comments?post=412"}],"version-history":[{"count":82,"href":"https:\/\/stabkd.com\/index.php\/wp-json\/wp\/v2\/pages\/412\/revisions"}],"predecessor-version":[{"id":1142,"href":"https:\/\/stabkd.com\/index.php\/wp-json\/wp\/v2\/pages\/412\/revisions\/1142"}],"wp:attachment":[{"href":"https:\/\/stabkd.com\/index.php\/wp-json\/wp\/v2\/media?parent=412"}],"curies":[{"name":"wp","href":"https:\/\/api.w.org\/{rel}","templated":true}]}}