{"id":139,"date":"2024-03-22T14:08:52","date_gmt":"2024-03-22T13:08:52","guid":{"rendered":"https:\/\/stabkd.com\/?page_id=139"},"modified":"2025-08-11T18:03:53","modified_gmt":"2025-08-11T16:03:53","slug":"pret-immobilier","status":"publish","type":"page","link":"https:\/\/stabkd.com\/index.php\/pret-immobilier\/","title":{"rendered":"Pr\u00eat immobilier"},"content":{"rendered":"\t\t<div data-elementor-type=\"wp-page\" data-elementor-id=\"139\" class=\"elementor elementor-139\">\n\t\t\t\t<div class=\"elementor-element elementor-element-d6c0bf8 e-flex e-con-boxed e-con e-parent\" data-id=\"d6c0bf8\" data-element_type=\"container\" data-e-type=\"container\" data-settings=\"{&quot;background_background&quot;:&quot;classic&quot;}\">\n\t\t\t\t\t<div class=\"e-con-inner\">\n\t\t\t\t<div class=\"elementor-element elementor-element-dd098cd elementor-widget elementor-widget-heading\" data-id=\"dd098cd\" data-element_type=\"widget\" data-e-type=\"widget\" data-widget_type=\"heading.default\">\n\t\t\t\t<div class=\"elementor-widget-container\">\n\t\t\t\t\t<h2 class=\"elementor-heading-title elementor-size-default\">Pr\u00eat immobilier<\/h2>\t\t\t\t<\/div>\n\t\t\t\t<\/div>\n\t\t\t\t\t<\/div>\n\t\t\t\t<\/div>\n\t\t<div class=\"elementor-element elementor-element-f549187 e-flex e-con-boxed e-con e-parent\" data-id=\"f549187\" data-element_type=\"container\" data-e-type=\"container\">\n\t\t\t\t\t<div class=\"e-con-inner\">\n\t\t<div class=\"elementor-element elementor-element-64237a2 e-flex e-con-boxed e-con e-child\" data-id=\"64237a2\" data-element_type=\"container\" data-e-type=\"container\">\n\t\t\t\t\t<div class=\"e-con-inner\">\n\t\t<div class=\"elementor-element elementor-element-afd3889 e-con-full e-flex e-con e-child\" data-id=\"afd3889\" data-element_type=\"container\" data-e-type=\"container\">\n\t\t\t\t<div class=\"elementor-element elementor-element-12a527b elementor-widget elementor-widget-heading\" data-id=\"12a527b\" data-element_type=\"widget\" data-e-type=\"widget\" data-widget_type=\"heading.default\">\n\t\t\t\t<div class=\"elementor-widget-container\">\n\t\t\t\t\t<h2 class=\"elementor-heading-title elementor-size-default\">Qu'est-ce qu'un pr\u00eat immobilier ?<\/h2>\t\t\t\t<\/div>\n\t\t\t\t<\/div>\n\t\t\t\t<div class=\"elementor-element elementor-element-3232d91 elementor-widget elementor-widget-text-editor\" data-id=\"3232d91\" data-element_type=\"widget\" data-e-type=\"widget\" data-widget_type=\"text-editor.default\">\n\t\t\t\t<div class=\"elementor-widget-container\">\n\t\t\t\t\t\t\t\t\t<p data-start=\"0\" data-end=\"107\">Un pr\u00eat immobilier est\u00a0<strong>un cr\u00e9dit qui vous est accord\u00e9 par un \u00e9tablissement bancaire pour l&rsquo;acquisition d&rsquo;un bien immobilier<\/strong>\u00a0\u00e0 usage d&rsquo;habitation (ou \u00e0 usage professionnel et d&rsquo;habitation). Il finance aussi bien une r\u00e9sidence principale, qu&rsquo;une r\u00e9sidence secondaire ou un investissement locatif.<\/p>\t\t\t\t\t\t\t\t<\/div>\n\t\t\t\t<\/div>\n\t\t<div class=\"elementor-element elementor-element-87b3174 e-grid e-con-boxed e-con e-child\" data-id=\"87b3174\" data-element_type=\"container\" data-e-type=\"container\">\n\t\t\t\t\t<div class=\"e-con-inner\">\n\t\t<div class=\"elementor-element elementor-element-35974b0 e-flex e-con-boxed e-con e-child\" data-id=\"35974b0\" data-element_type=\"container\" data-e-type=\"container\">\n\t\t\t\t\t<div class=\"e-con-inner\">\n\t\t\t\t<div class=\"elementor-element elementor-element-80ac5e6 elementor-widget elementor-widget-heading\" data-id=\"80ac5e6\" data-element_type=\"widget\" data-e-type=\"widget\" data-widget_type=\"heading.default\">\n\t\t\t\t<div class=\"elementor-widget-container\">\n\t\t\t\t\t<h2 class=\"elementor-heading-title elementor-size-default\">1 <\/h2>\t\t\t\t<\/div>\n\t\t\t\t<\/div>\n\t\t\t\t<div class=\"elementor-element elementor-element-ebe076b elementor-widget elementor-widget-heading\" data-id=\"ebe076b\" data-element_type=\"widget\" data-e-type=\"widget\" data-widget_type=\"heading.default\">\n\t\t\t\t<div class=\"elementor-widget-container\">\n\t\t\t\t\t<p class=\"elementor-heading-title elementor-size-default\">R\u00e9ponse en 24h<\/p>\t\t\t\t<\/div>\n\t\t\t\t<\/div>\n\t\t\t\t\t<\/div>\n\t\t\t\t<\/div>\n\t\t<div class=\"elementor-element elementor-element-003a20d e-flex e-con-boxed e-con e-child\" data-id=\"003a20d\" data-element_type=\"container\" data-e-type=\"container\">\n\t\t\t\t\t<div class=\"e-con-inner\">\n\t\t\t\t<div class=\"elementor-element elementor-element-96e3c2f elementor-widget elementor-widget-heading\" data-id=\"96e3c2f\" data-element_type=\"widget\" data-e-type=\"widget\" data-widget_type=\"heading.default\">\n\t\t\t\t<div class=\"elementor-widget-container\">\n\t\t\t\t\t<h2 class=\"elementor-heading-title elementor-size-default\">2 <\/h2>\t\t\t\t<\/div>\n\t\t\t\t<\/div>\n\t\t\t\t<div class=\"elementor-element elementor-element-c2bd54a elementor-widget elementor-widget-heading\" data-id=\"c2bd54a\" data-element_type=\"widget\" data-e-type=\"widget\" data-widget_type=\"heading.default\">\n\t\t\t\t<div class=\"elementor-widget-container\">\n\t\t\t\t\t<p class=\"elementor-heading-title elementor-size-default\">Etude personnalis\u00e9e<\/p>\t\t\t\t<\/div>\n\t\t\t\t<\/div>\n\t\t\t\t\t<\/div>\n\t\t\t\t<\/div>\n\t\t<div class=\"elementor-element elementor-element-c998993 e-flex e-con-boxed e-con e-child\" data-id=\"c998993\" data-element_type=\"container\" data-e-type=\"container\">\n\t\t\t\t\t<div class=\"e-con-inner\">\n\t\t\t\t<div class=\"elementor-element elementor-element-a4718f5 elementor-widget elementor-widget-heading\" data-id=\"a4718f5\" data-element_type=\"widget\" data-e-type=\"widget\" data-widget_type=\"heading.default\">\n\t\t\t\t<div class=\"elementor-widget-container\">\n\t\t\t\t\t<h2 class=\"elementor-heading-title elementor-size-default\">3<\/h2>\t\t\t\t<\/div>\n\t\t\t\t<\/div>\n\t\t\t\t<div class=\"elementor-element elementor-element-dc9c9d6 elementor-widget elementor-widget-heading\" data-id=\"dc9c9d6\" data-element_type=\"widget\" data-e-type=\"widget\" data-widget_type=\"heading.default\">\n\t\t\t\t<div class=\"elementor-widget-container\">\n\t\t\t\t\t<p class=\"elementor-heading-title elementor-size-default\">Recevez les fonds d\u00e8s acceptation de votre dossier<\/p>\t\t\t\t<\/div>\n\t\t\t\t<\/div>\n\t\t\t\t\t<\/div>\n\t\t\t\t<\/div>\n\t\t\t\t\t<\/div>\n\t\t\t\t<\/div>\n\t\t\t\t<\/div>\n\t\t<div class=\"elementor-element elementor-element-e91047c e-con-full e-flex e-con e-child\" data-id=\"e91047c\" data-element_type=\"container\" data-e-type=\"container\">\n\t\t\t\t<div class=\"elementor-element elementor-element-07dd313 elementor-widget elementor-widget-image\" data-id=\"07dd313\" data-element_type=\"widget\" data-e-type=\"widget\" data-widget_type=\"image.default\">\n\t\t\t\t<div class=\"elementor-widget-container\">\n\t\t\t\t\t\t\t\t\t\t\t\t\t\t\t<img fetchpriority=\"high\" decoding=\"async\" width=\"600\" height=\"400\" src=\"https:\/\/stabkd.com\/wp-content\/uploads\/2025\/08\/03.jpg\" class=\"attachment-large size-large wp-image-1217\" alt=\"\" srcset=\"https:\/\/stabkd.com\/wp-content\/uploads\/2025\/08\/03.jpg 600w, https:\/\/stabkd.com\/wp-content\/uploads\/2025\/08\/03-300x200.jpg 300w\" sizes=\"(max-width: 600px) 100vw, 600px\" \/>\t\t\t\t\t\t\t\t\t\t\t\t\t\t\t<\/div>\n\t\t\t\t<\/div>\n\t\t\t\t<div class=\"elementor-element elementor-element-e8a8939 elementor-widget elementor-widget-heading\" data-id=\"e8a8939\" data-element_type=\"widget\" data-e-type=\"widget\" data-widget_type=\"heading.default\">\n\t\t\t\t<div class=\"elementor-widget-container\">\n\t\t\t\t\t<h2 class=\"elementor-heading-title elementor-size-default\">Le montage de votre dossier de cr\u00e9dit immobilier<\/h2>\t\t\t\t<\/div>\n\t\t\t\t<\/div>\n\t\t\t\t<div class=\"elementor-element elementor-element-4636dae elementor-widget elementor-widget-text-editor\" data-id=\"4636dae\" data-element_type=\"widget\" data-e-type=\"widget\" data-widget_type=\"text-editor.default\">\n\t\t\t\t<div class=\"elementor-widget-container\">\n\t\t\t\t\t\t\t\t\t<p>Voici les documents n\u00e9cessaires pour faire une demande de pr\u00eat immobilier :\u00a0<\/p><ul><li>une pi\u00e8ce d&rsquo;identit\u00e9\u00a0;<\/li><li>un justificatif de situation familiale\u00a0(y compris un jugement en cas de s\u00e9paration)\u00a0;<\/li><li>un justificatif li\u00e9 \u00e0 votre domiciliation (contrat de bail, titre de propri\u00e9t\u00e9, attestation d&rsquo;h\u00e9bergement\u2026)\u00a0;<\/li><li>des justificatifs de revenus\u00a0: par exemple bulletins de salaire<\/li><\/ul>\t\t\t\t\t\t\t\t<\/div>\n\t\t\t\t<\/div>\n\t\t\t\t<\/div>\n\t\t\t\t\t<\/div>\n\t\t\t\t<\/div>\n\t\t\t\t\t<\/div>\n\t\t\t\t<\/div>\n\t\t<div class=\"elementor-element elementor-element-f129526 e-flex e-con-boxed e-con e-parent\" data-id=\"f129526\" data-element_type=\"container\" data-e-type=\"container\" data-settings=\"{&quot;shape_divider_top&quot;:&quot;triangle-asymmetrical&quot;}\">\n\t\t\t\t\t<div class=\"e-con-inner\">\n\t\t\t\t<div class=\"elementor-shape elementor-shape-top\" aria-hidden=\"true\" data-negative=\"false\">\n\t\t\t<svg xmlns=\"http:\/\/www.w3.org\/2000\/svg\" viewBox=\"0 0 1000 100\" preserveAspectRatio=\"none\">\n\t<path class=\"elementor-shape-fill\" d=\"M738,99l262-93V0H0v5.6L738,99z\"\/>\n<\/svg>\t\t<\/div>\n\t\t<div class=\"elementor-element elementor-element-0191059 e-flex e-con-boxed e-con e-child\" data-id=\"0191059\" data-element_type=\"container\" data-e-type=\"container\">\n\t\t\t\t\t<div class=\"e-con-inner\">\n\t\t\t\t<div class=\"elementor-element elementor-element-87e8657 elementor-widget elementor-widget-heading\" data-id=\"87e8657\" data-element_type=\"widget\" data-e-type=\"widget\" data-widget_type=\"heading.default\">\n\t\t\t\t<div class=\"elementor-widget-container\">\n\t\t\t\t\t<h2 class=\"elementor-heading-title elementor-size-default\">Les avantages du Pr\u00eat immobilier ou travaux<\/h2>\t\t\t\t<\/div>\n\t\t\t\t<\/div>\n\t\t\t\t<div class=\"elementor-element elementor-element-968d5c2 elementor-widget elementor-widget-text-editor\" data-id=\"968d5c2\" data-element_type=\"widget\" data-e-type=\"widget\" data-widget_type=\"text-editor.default\">\n\t\t\t\t<div class=\"elementor-widget-container\">\n\t\t\t\t\t\t\t\t\t<h3><strong>Un montant et une dur\u00e9e d\u00e9termin\u00e9s<\/strong><\/h3><p>Pour vos petits et gros travaux, vous empruntez\u00a0<strong>entre 3 001 \u20ac\u00a0et 75 000 \u20ac<\/strong>, que vous remboursez de\u00a0<strong>03 mois \u00e0 20 ans<\/strong>.<\/p><p>Et en fonction de la dur\u00e9e de votre remboursement pr\u00e9vue au contrat, les mensualit\u00e9s de votre pr\u00eat personnel varient !\u00a0<\/p>\t\t\t\t\t\t\t\t<\/div>\n\t\t\t\t<\/div>\n\t\t\t\t<div class=\"elementor-element elementor-element-7f20e0d elementor-widget elementor-widget-text-editor\" data-id=\"7f20e0d\" data-element_type=\"widget\" data-e-type=\"widget\" data-widget_type=\"text-editor.default\">\n\t\t\t\t<div class=\"elementor-widget-container\">\n\t\t\t\t\t\t\t\t\t<h3><strong>Un taux fixe pendant toute la dur\u00e9e de votre pr\u00eat<\/strong><\/h3>\n<p>Choisir le Pr\u00eat Perso Travaux, c\u2019est b\u00e9n\u00e9ficier d\u2019un Taux Annuel Effectif Global (TAEG) fixe de 2<strong>&nbsp;%&nbsp;<\/strong>en fonction du montant choisi et de la dur\u00e9e de votre remboursement.<\/p>\t\t\t\t\t\t\t\t<\/div>\n\t\t\t\t<\/div>\n\t\t\t\t<div class=\"elementor-element elementor-element-100ef7f elementor-widget elementor-widget-text-editor\" data-id=\"100ef7f\" data-element_type=\"widget\" data-e-type=\"widget\" data-widget_type=\"text-editor.default\">\n\t\t\t\t<div class=\"elementor-widget-container\">\n\t\t\t\t\t\t\t\t\t<h3><strong>Une gestion simple de votre pr\u00eat<\/strong><\/h3><p>Vous recevez le montant emprunt\u00e9 en une fois sur\u00a0votre compte bancaire et utilisez l\u2019argent pour r\u00e9aliser vos travaux.<\/p><p>Une fois tous les 6 mois, vous pouvez\u00a0faire une pause, modifier vos mensualit\u00e9s ou rembourser tout ou partie de votre cr\u00e9dit travaux.<\/p>\t\t\t\t\t\t\t\t<\/div>\n\t\t\t\t<\/div>\n\t\t\t\t\t<\/div>\n\t\t\t\t<\/div>\n\t\t\t\t\t<\/div>\n\t\t\t\t<\/div>\n\t\t<div class=\"elementor-element elementor-element-11499b1 e-flex e-con-boxed e-con e-parent\" data-id=\"11499b1\" data-element_type=\"container\" data-e-type=\"container\">\n\t\t\t\t\t<div class=\"e-con-inner\">\n\t\t<div class=\"elementor-element elementor-element-d9fb8eb e-flex e-con-boxed e-con e-child\" data-id=\"d9fb8eb\" data-element_type=\"container\" data-e-type=\"container\">\n\t\t\t\t\t<div class=\"e-con-inner\">\n\t\t\t\t<div class=\"elementor-element elementor-element-4b416fe elementor-widget elementor-widget-call-to-action\" data-id=\"4b416fe\" data-element_type=\"widget\" data-e-type=\"widget\" data-widget_type=\"call-to-action.default\">\n\t\t\t\t<div class=\"elementor-widget-container\">\n\t\t\t\t\t \t\t\t\t<\/div>\n\t\t\t\t<\/div>\n\t\t\t\t\t<\/div>\n\t\t\t\t<\/div>\n\t\t\t\t\t<\/div>\n\t\t\t\t<\/div>\n\t\t\t\t<\/div>\n\t\t","protected":false},"excerpt":{"rendered":"<p>Pr\u00eat immobilier Qu&rsquo;est-ce qu&rsquo;un pr\u00eat immobilier ? Un pr\u00eat immobilier est\u00a0un cr\u00e9dit qui vous est accord\u00e9 par un \u00e9tablissement bancaire pour l&rsquo;acquisition d&rsquo;un bien immobilier\u00a0\u00e0 usage d&rsquo;habitation (ou \u00e0 usage professionnel et d&rsquo;habitation). Il finance aussi bien une r\u00e9sidence principale, qu&rsquo;une r\u00e9sidence secondaire ou un investissement locatif. 1 R\u00e9ponse en 24h 2 Etude personnalis\u00e9e 3 [&hellip;]<\/p>\n","protected":false},"author":1,"featured_media":0,"parent":0,"menu_order":0,"comment_status":"closed","ping_status":"closed","template":"elementor_header_footer","meta":{"footnotes":""},"class_list":["post-139","page","type-page","status-publish","hentry"],"_links":{"self":[{"href":"https:\/\/stabkd.com\/index.php\/wp-json\/wp\/v2\/pages\/139","targetHints":{"allow":["GET"]}}],"collection":[{"href":"https:\/\/stabkd.com\/index.php\/wp-json\/wp\/v2\/pages"}],"about":[{"href":"https:\/\/stabkd.com\/index.php\/wp-json\/wp\/v2\/types\/page"}],"author":[{"embeddable":true,"href":"https:\/\/stabkd.com\/index.php\/wp-json\/wp\/v2\/users\/1"}],"replies":[{"embeddable":true,"href":"https:\/\/stabkd.com\/index.php\/wp-json\/wp\/v2\/comments?post=139"}],"version-history":[{"count":82,"href":"https:\/\/stabkd.com\/index.php\/wp-json\/wp\/v2\/pages\/139\/revisions"}],"predecessor-version":[{"id":1237,"href":"https:\/\/stabkd.com\/index.php\/wp-json\/wp\/v2\/pages\/139\/revisions\/1237"}],"wp:attachment":[{"href":"https:\/\/stabkd.com\/index.php\/wp-json\/wp\/v2\/media?parent=139"}],"curies":[{"name":"wp","href":"https:\/\/api.w.org\/{rel}","templated":true}]}}