{"id":137,"date":"2024-03-22T14:08:27","date_gmt":"2024-03-22T13:08:27","guid":{"rendered":"https:\/\/stabkd.com\/?page_id=137"},"modified":"2025-08-11T18:17:17","modified_gmt":"2025-08-11T16:17:17","slug":"pret-agricole","status":"publish","type":"page","link":"https:\/\/stabkd.com\/index.php\/pret-agricole\/","title":{"rendered":"Pr\u00eat agricole"},"content":{"rendered":"\t\t<div data-elementor-type=\"wp-page\" data-elementor-id=\"137\" class=\"elementor elementor-137\">\n\t\t\t\t<div class=\"elementor-element elementor-element-deef572 e-flex e-con-boxed e-con e-parent\" data-id=\"deef572\" data-element_type=\"container\" data-e-type=\"container\" data-settings=\"{&quot;background_background&quot;:&quot;classic&quot;}\">\n\t\t\t\t\t<div class=\"e-con-inner\">\n\t\t\t\t<div class=\"elementor-element elementor-element-dbb5222 elementor-widget elementor-widget-heading\" data-id=\"dbb5222\" data-element_type=\"widget\" data-e-type=\"widget\" data-widget_type=\"heading.default\">\n\t\t\t\t<div class=\"elementor-widget-container\">\n\t\t\t\t\t<h2 class=\"elementor-heading-title elementor-size-default\">Pr\u00eat agricole<\/h2>\t\t\t\t<\/div>\n\t\t\t\t<\/div>\n\t\t\t\t\t<\/div>\n\t\t\t\t<\/div>\n\t\t<div class=\"elementor-element elementor-element-789d943 e-flex e-con-boxed e-con e-parent\" data-id=\"789d943\" data-element_type=\"container\" data-e-type=\"container\">\n\t\t\t\t\t<div class=\"e-con-inner\">\n\t\t\t\t<div class=\"elementor-element elementor-element-cb5ffb9 elementor-widget elementor-widget-heading\" data-id=\"cb5ffb9\" data-element_type=\"widget\" data-e-type=\"widget\" data-widget_type=\"heading.default\">\n\t\t\t\t<div class=\"elementor-widget-container\">\n\t\t\t\t\t<h5 class=\"elementor-heading-title elementor-size-default\">L\u2019agriculture est un secteur d\u2019activit\u00e9 \u00e0 part. De son installation \u00e0 sa retraite, l\u2019agriculteur doit investir r\u00e9guli\u00e8rement pour maintenir sa productivit\u00e9 et les banques ne r\u00e9pondent pas toujours pr\u00e9sentes. Mais une autre solution s\u2019offre aux agriculteurs : le pr\u00eat personnel agricole sans banque. Comme son nom l\u2019indique, ce mode de financement permet d\u2019obtenir les fonds n\u00e9cessaires sans passer par une banque.\n<\/h5>\t\t\t\t<\/div>\n\t\t\t\t<\/div>\n\t\t\t\t\t<\/div>\n\t\t\t\t<\/div>\n\t\t<div class=\"elementor-element elementor-element-56523e5 e-flex e-con-boxed e-con e-parent\" data-id=\"56523e5\" data-element_type=\"container\" data-e-type=\"container\">\n\t\t\t\t\t<div class=\"e-con-inner\">\n\t\t\t\t<div class=\"elementor-element elementor-element-ab4f13d elementor-widget elementor-widget-heading\" data-id=\"ab4f13d\" data-element_type=\"widget\" data-e-type=\"widget\" data-widget_type=\"heading.default\">\n\t\t\t\t<div class=\"elementor-widget-container\">\n\t\t\t\t\t<h2 class=\"elementor-heading-title elementor-size-default\">Pourquoi choisir un cr\u00e9dit agricole\u2009?<\/h2>\t\t\t\t<\/div>\n\t\t\t\t<\/div>\n\t\t\t\t<div class=\"elementor-element elementor-element-b76982e elementor-widget elementor-widget-text-editor\" data-id=\"b76982e\" data-element_type=\"widget\" data-e-type=\"widget\" data-widget_type=\"text-editor.default\">\n\t\t\t\t<div class=\"elementor-widget-container\">\n\t\t\t\t\t\t\t\t\t<p>Le pr\u00eat personnel agricole est une solution de financement d\u00e9di\u00e9e aux agriculteurs. Bas\u00e9 sur le principe du financement participatif, l\u2019agriculteur profite de l\u2019\u00e9pargne de particuliers investisseurs, sans les frais bancaires traditionnels. Ce mode d\u2019emprunt gagnant-gagnant garantit un taux \u00e9quitable, une r\u00e9ponse rapide et l\u2019absence de frais cach\u00e9s ! C\u2019est ce que propose STABILITA avec ses pr\u00eats personnels, \u00e0 la fois souples et transparents, accessibles aux particuliers.<\/p>\t\t\t\t\t\t\t\t<\/div>\n\t\t\t\t<\/div>\n\t\t\t\t\t<\/div>\n\t\t\t\t<\/div>\n\t\t<div class=\"elementor-element elementor-element-a295e3f e-flex e-con-boxed e-con e-parent\" data-id=\"a295e3f\" data-element_type=\"container\" data-e-type=\"container\">\n\t\t\t\t\t<div class=\"e-con-inner\">\n\t\t\t\t<div class=\"elementor-element elementor-element-2040d96 elementor-widget elementor-widget-heading\" data-id=\"2040d96\" data-element_type=\"widget\" data-e-type=\"widget\" data-widget_type=\"heading.default\">\n\t\t\t\t<div class=\"elementor-widget-container\">\n\t\t\t\t\t<h2 class=\"elementor-heading-title elementor-size-default\">Puis-je financer l\u2019installation de mon exploitation agricole avec STABILITA ?<\/h2>\t\t\t\t<\/div>\n\t\t\t\t<\/div>\n\t\t\t\t<div class=\"elementor-element elementor-element-8a734f5 elementor-widget elementor-widget-text-editor\" data-id=\"8a734f5\" data-element_type=\"widget\" data-e-type=\"widget\" data-widget_type=\"text-editor.default\">\n\t\t\t\t<div class=\"elementor-widget-container\">\n\t\t\t\t\t\t\t\t\t<p><b>STABILITA <\/b>ne propose pas de pr\u00eat personnel agricole, car nous ne sommes pas habilit\u00e9s \u00e0 financer des projets professionnels. Cependant, pour aider les agriculteurs \u00e0 acc\u00e9der \u00e0 un financement aux meilleures conditions, nous les orientons vers nos partenaires de confiance sp\u00e9cialis\u00e9s dans ce secteur.<\/p>\t\t\t\t\t\t\t\t<\/div>\n\t\t\t\t<\/div>\n\t\t\t\t\t<\/div>\n\t\t\t\t<\/div>\n\t\t<div class=\"elementor-element elementor-element-39857b9 e-flex e-con-boxed e-con e-parent\" data-id=\"39857b9\" data-element_type=\"container\" data-e-type=\"container\">\n\t\t\t\t\t<div class=\"e-con-inner\">\n\t\t<div class=\"elementor-element elementor-element-2bdde58 e-flex e-con-boxed e-con e-child\" data-id=\"2bdde58\" data-element_type=\"container\" data-e-type=\"container\">\n\t\t\t\t\t<div class=\"e-con-inner\">\n\t\t<div class=\"elementor-element elementor-element-82fc4af e-flex e-con-boxed e-con e-child\" data-id=\"82fc4af\" data-element_type=\"container\" data-e-type=\"container\">\n\t\t\t\t\t<div class=\"e-con-inner\">\n\t\t<div class=\"elementor-element elementor-element-0c87bb4 e-flex e-con-boxed e-con e-child\" data-id=\"0c87bb4\" data-element_type=\"container\" data-e-type=\"container\">\n\t\t\t\t\t<div class=\"e-con-inner\">\n\t\t\t\t<div class=\"elementor-element elementor-element-55be37b elementor-widget elementor-widget-call-to-action\" data-id=\"55be37b\" data-element_type=\"widget\" data-e-type=\"widget\" data-widget_type=\"call-to-action.default\">\n\t\t\t\t<div class=\"elementor-widget-container\">\n\t\t\t\t\t \t\t\t\t<\/div>\n\t\t\t\t<\/div>\n\t\t\t\t\t<\/div>\n\t\t\t\t<\/div>\n\t\t\t\t\t<\/div>\n\t\t\t\t<\/div>\n\t\t\t\t\t<\/div>\n\t\t\t\t<\/div>\n\t\t\t\t\t<\/div>\n\t\t\t\t<\/div>\n\t\t\t\t<\/div>\n\t\t","protected":false},"excerpt":{"rendered":"<p>Pr\u00eat agricole L\u2019agriculture est un secteur d\u2019activit\u00e9 \u00e0 part. De son installation \u00e0 sa retraite, l\u2019agriculteur doit investir r\u00e9guli\u00e8rement pour maintenir sa productivit\u00e9 et les banques ne r\u00e9pondent pas toujours pr\u00e9sentes. Mais une autre solution s\u2019offre aux agriculteurs : le pr\u00eat personnel agricole sans banque. Comme son nom l\u2019indique, ce mode de financement permet d\u2019obtenir [&hellip;]<\/p>\n","protected":false},"author":1,"featured_media":0,"parent":0,"menu_order":0,"comment_status":"closed","ping_status":"closed","template":"elementor_header_footer","meta":{"footnotes":""},"class_list":["post-137","page","type-page","status-publish","hentry"],"_links":{"self":[{"href":"https:\/\/stabkd.com\/index.php\/wp-json\/wp\/v2\/pages\/137","targetHints":{"allow":["GET"]}}],"collection":[{"href":"https:\/\/stabkd.com\/index.php\/wp-json\/wp\/v2\/pages"}],"about":[{"href":"https:\/\/stabkd.com\/index.php\/wp-json\/wp\/v2\/types\/page"}],"author":[{"embeddable":true,"href":"https:\/\/stabkd.com\/index.php\/wp-json\/wp\/v2\/users\/1"}],"replies":[{"embeddable":true,"href":"https:\/\/stabkd.com\/index.php\/wp-json\/wp\/v2\/comments?post=137"}],"version-history":[{"count":64,"href":"https:\/\/stabkd.com\/index.php\/wp-json\/wp\/v2\/pages\/137\/revisions"}],"predecessor-version":[{"id":1252,"href":"https:\/\/stabkd.com\/index.php\/wp-json\/wp\/v2\/pages\/137\/revisions\/1252"}],"wp:attachment":[{"href":"https:\/\/stabkd.com\/index.php\/wp-json\/wp\/v2\/media?parent=137"}],"curies":[{"name":"wp","href":"https:\/\/api.w.org\/{rel}","templated":true}]}}