{"id":129,"date":"2024-03-22T14:06:50","date_gmt":"2024-03-22T13:06:50","guid":{"rendered":"https:\/\/stabkd.com\/?page_id=129"},"modified":"2025-08-11T14:09:30","modified_gmt":"2025-08-11T12:09:30","slug":"pret-personnel","status":"publish","type":"page","link":"https:\/\/stabkd.com\/index.php\/pret-personnel\/","title":{"rendered":"Pr\u00eat personnel"},"content":{"rendered":"\t\t<div data-elementor-type=\"wp-page\" data-elementor-id=\"129\" class=\"elementor elementor-129\">\n\t\t\t\t<div class=\"elementor-element elementor-element-400b0f9 e-flex e-con-boxed e-con e-parent\" data-id=\"400b0f9\" data-element_type=\"container\" data-e-type=\"container\" data-settings=\"{&quot;background_background&quot;:&quot;classic&quot;}\">\n\t\t\t\t\t<div class=\"e-con-inner\">\n\t\t\t\t<div class=\"elementor-element elementor-element-e6d9cb2 elementor-widget elementor-widget-heading\" data-id=\"e6d9cb2\" data-element_type=\"widget\" data-e-type=\"widget\" data-widget_type=\"heading.default\">\n\t\t\t\t<div class=\"elementor-widget-container\">\n\t\t\t\t\t<h2 class=\"elementor-heading-title elementor-size-default\">Financez vos projets gr\u00e2ce \u00e0 notre pr\u00eat perso<\/h2>\t\t\t\t<\/div>\n\t\t\t\t<\/div>\n\t\t\t\t\t<\/div>\n\t\t\t\t<\/div>\n\t\t<div class=\"elementor-element elementor-element-35dbaa7 e-flex e-con-boxed e-con e-parent\" data-id=\"35dbaa7\" data-element_type=\"container\" data-e-type=\"container\">\n\t\t\t\t\t<div class=\"e-con-inner\">\n\t\t<div class=\"elementor-element elementor-element-85efde6 e-con-full e-flex e-con e-child\" data-id=\"85efde6\" data-element_type=\"container\" data-e-type=\"container\">\n\t\t\t\t<div class=\"elementor-element elementor-element-6428e56 elementor-widget elementor-widget-heading\" data-id=\"6428e56\" data-element_type=\"widget\" data-e-type=\"widget\" data-widget_type=\"heading.default\">\n\t\t\t\t<div class=\"elementor-widget-container\">\n\t\t\t\t\t<h2 class=\"elementor-heading-title elementor-size-default\">Trouvez le meilleur pr\u00eat personnel selon votre situation<\/h2>\t\t\t\t<\/div>\n\t\t\t\t<\/div>\n\t\t\t\t<div class=\"elementor-element elementor-element-e16bda0 elementor-widget elementor-widget-text-editor\" data-id=\"e16bda0\" data-element_type=\"widget\" data-e-type=\"widget\" data-widget_type=\"text-editor.default\">\n\t\t\t\t<div class=\"elementor-widget-container\">\n\t\t\t\t\t\t\t\t\t<p>Le <strong>pr\u00eat personnel <\/strong>constitue simplement un type de pr\u00eat \u00e0 la consommation. Cette solution de financement est adaptable\u00a0\u00e0 tout type de projet.<\/p>\t\t\t\t\t\t\t\t<\/div>\n\t\t\t\t<\/div>\n\t\t<div class=\"elementor-element elementor-element-a1d4449 e-grid e-con-boxed e-con e-child\" data-id=\"a1d4449\" data-element_type=\"container\" data-e-type=\"container\">\n\t\t\t\t\t<div class=\"e-con-inner\">\n\t\t<div class=\"elementor-element elementor-element-0c41160 e-flex e-con-boxed e-con e-child\" data-id=\"0c41160\" data-element_type=\"container\" data-e-type=\"container\">\n\t\t\t\t\t<div class=\"e-con-inner\">\n\t\t\t\t<div class=\"elementor-element elementor-element-9dd8037 elementor-widget elementor-widget-heading\" data-id=\"9dd8037\" data-element_type=\"widget\" data-e-type=\"widget\" data-widget_type=\"heading.default\">\n\t\t\t\t<div class=\"elementor-widget-container\">\n\t\t\t\t\t<h2 class=\"elementor-heading-title elementor-size-default\">1 <\/h2>\t\t\t\t<\/div>\n\t\t\t\t<\/div>\n\t\t\t\t<div class=\"elementor-element elementor-element-5cf6107 elementor-widget elementor-widget-heading\" data-id=\"5cf6107\" data-element_type=\"widget\" data-e-type=\"widget\" data-widget_type=\"heading.default\">\n\t\t\t\t<div class=\"elementor-widget-container\">\n\t\t\t\t\t<p class=\"elementor-heading-title elementor-size-default\">Le pr\u00eat personnel est un cr\u00e9dit \u00e0 la consommation sans justificatif d'utilisation : vous \u00eates libre d'utiliser les fonds comme vous le souhaitez ;<\/p>\t\t\t\t<\/div>\n\t\t\t\t<\/div>\n\t\t\t\t\t<\/div>\n\t\t\t\t<\/div>\n\t\t<div class=\"elementor-element elementor-element-ac02863 e-flex e-con-boxed e-con e-child\" data-id=\"ac02863\" data-element_type=\"container\" data-e-type=\"container\">\n\t\t\t\t\t<div class=\"e-con-inner\">\n\t\t\t\t<div class=\"elementor-element elementor-element-c858d22 elementor-widget elementor-widget-heading\" data-id=\"c858d22\" data-element_type=\"widget\" data-e-type=\"widget\" data-widget_type=\"heading.default\">\n\t\t\t\t<div class=\"elementor-widget-container\">\n\t\t\t\t\t<h2 class=\"elementor-heading-title elementor-size-default\">2<\/h2>\t\t\t\t<\/div>\n\t\t\t\t<\/div>\n\t\t\t\t<div class=\"elementor-element elementor-element-ed95c11 elementor-widget elementor-widget-heading\" data-id=\"ed95c11\" data-element_type=\"widget\" data-e-type=\"widget\" data-widget_type=\"heading.default\">\n\t\t\t\t<div class=\"elementor-widget-container\">\n\t\t\t\t\t<p class=\"elementor-heading-title elementor-size-default\">Vous pouvez emprunter jusqu'\u00e0 75 000 euros, sur au moins 3 mois et maximum 84 mois ;<\/p>\t\t\t\t<\/div>\n\t\t\t\t<\/div>\n\t\t\t\t\t<\/div>\n\t\t\t\t<\/div>\n\t\t<div class=\"elementor-element elementor-element-4ce0199 e-flex e-con-boxed e-con e-child\" data-id=\"4ce0199\" data-element_type=\"container\" data-e-type=\"container\">\n\t\t\t\t\t<div class=\"e-con-inner\">\n\t\t\t\t<div class=\"elementor-element elementor-element-8ba64f5 elementor-widget elementor-widget-heading\" data-id=\"8ba64f5\" data-element_type=\"widget\" data-e-type=\"widget\" data-widget_type=\"heading.default\">\n\t\t\t\t<div class=\"elementor-widget-container\">\n\t\t\t\t\t<h2 class=\"elementor-heading-title elementor-size-default\">3 <\/h2>\t\t\t\t<\/div>\n\t\t\t\t<\/div>\n\t\t\t\t<div class=\"elementor-element elementor-element-5b93313 elementor-widget elementor-widget-heading\" data-id=\"5b93313\" data-element_type=\"widget\" data-e-type=\"widget\" data-widget_type=\"heading.default\">\n\t\t\t\t<div class=\"elementor-widget-container\">\n\t\t\t\t\t<p class=\"elementor-heading-title elementor-size-default\">Le report d'\u00e9ch\u00e9ance et le remboursement anticip\u00e9 de votre pr\u00eat personnel est possible, selon les modalit\u00e9s pr\u00e9vues dans votre contrat ;<\/p>\t\t\t\t<\/div>\n\t\t\t\t<\/div>\n\t\t\t\t\t<\/div>\n\t\t\t\t<\/div>\n\t\t\t\t\t<\/div>\n\t\t\t\t<\/div>\n\t\t\t\t<\/div>\n\t\t<div class=\"elementor-element elementor-element-f933669 e-con-full e-flex e-con e-child\" data-id=\"f933669\" data-element_type=\"container\" data-e-type=\"container\">\n\t\t\t\t<div class=\"elementor-element elementor-element-2e1d388 elementor-widget elementor-widget-image\" data-id=\"2e1d388\" data-element_type=\"widget\" data-e-type=\"widget\" data-widget_type=\"image.default\">\n\t\t\t\t<div class=\"elementor-widget-container\">\n\t\t\t\t\t\t\t\t\t\t\t\t\t\t\t<img fetchpriority=\"high\" decoding=\"async\" width=\"551\" height=\"537\" src=\"https:\/\/stabkd.com\/wp-content\/uploads\/2025\/08\/main-services-1.jpg\" class=\"attachment-large size-large wp-image-1082\" alt=\"\" srcset=\"https:\/\/stabkd.com\/wp-content\/uploads\/2025\/08\/main-services-1.jpg 551w, https:\/\/stabkd.com\/wp-content\/uploads\/2025\/08\/main-services-1-300x292.jpg 300w\" sizes=\"(max-width: 551px) 100vw, 551px\" \/>\t\t\t\t\t\t\t\t\t\t\t\t\t\t\t<\/div>\n\t\t\t\t<\/div>\n\t\t\t\t<\/div>\n\t\t\t\t\t<\/div>\n\t\t\t\t<\/div>\n\t\t<div class=\"elementor-element elementor-element-04c402c e-flex e-con-boxed e-con e-parent\" data-id=\"04c402c\" data-element_type=\"container\" data-e-type=\"container\" data-settings=\"{&quot;shape_divider_top&quot;:&quot;triangle-asymmetrical&quot;}\">\n\t\t\t\t\t<div class=\"e-con-inner\">\n\t\t\t\t<div class=\"elementor-shape elementor-shape-top\" aria-hidden=\"true\" data-negative=\"false\">\n\t\t\t<svg xmlns=\"http:\/\/www.w3.org\/2000\/svg\" viewBox=\"0 0 1000 100\" preserveAspectRatio=\"none\">\n\t<path class=\"elementor-shape-fill\" d=\"M738,99l262-93V0H0v5.6L738,99z\"\/>\n<\/svg>\t\t<\/div>\n\t\t\t\t<div class=\"elementor-element elementor-element-cd4ab5d elementor-widget elementor-widget-heading\" data-id=\"cd4ab5d\" data-element_type=\"widget\" data-e-type=\"widget\" data-widget_type=\"heading.default\">\n\t\t\t\t<div class=\"elementor-widget-container\">\n\t\t\t\t\t<h2 class=\"elementor-heading-title elementor-size-default\">Combien puis-je emprunter avec un pr\u00eat personnel ?<\/h2>\t\t\t\t<\/div>\n\t\t\t\t<\/div>\n\t\t\t\t<div class=\"elementor-element elementor-element-38553d0 elementor-widget elementor-widget-text-editor\" data-id=\"38553d0\" data-element_type=\"widget\" data-e-type=\"widget\" data-widget_type=\"text-editor.default\">\n\t\t\t\t<div class=\"elementor-widget-container\">\n\t\t\t\t\t\t\t\t\t<p>Comme pour d&rsquo;autres pr\u00eats, le capital d&rsquo;un cr\u00e9dit personnel est de\u00a0<strong>minimum 200\u00a0\u20ac<\/strong>. Depuis la loi Lagarde instaur\u00e9e en 2010, il est\u00a0\u00e9galement plafonn\u00e9 et ne peut pas exc\u00e9der\u00a0<strong>75 000\u00a0\u20ac<\/strong>\u00a0(21 500\u00a0\u20ac avant 2010).<\/p>\t\t\t\t\t\t\t\t<\/div>\n\t\t\t\t<\/div>\n\t\t\t\t<div class=\"elementor-element elementor-element-3465e3b elementor-widget elementor-widget-text-editor\" data-id=\"3465e3b\" data-element_type=\"widget\" data-e-type=\"widget\" data-widget_type=\"text-editor.default\">\n\t\t\t\t<div class=\"elementor-widget-container\">\n\t\t\t\t\t\t\t\t\t<h2 id=\"t_13\">Quels sont les avantages d\u2019un pr\u00eat perso ?<\/h2><ul><li>Flexibilit\u00e9<\/li><li>permets de financer tous types de projets<\/li><li>Souscription simple et rapide<\/li><\/ul>\t\t\t\t\t\t\t\t<\/div>\n\t\t\t\t<\/div>\n\t\t\t\t<div class=\"elementor-element elementor-element-a85c587 elementor-widget elementor-widget-text-editor\" data-id=\"a85c587\" data-element_type=\"widget\" data-e-type=\"widget\" data-widget_type=\"text-editor.default\">\n\t\t\t\t<div class=\"elementor-widget-container\">\n\t\t\t\t\t\t\t\t\t<h2 id=\"t_15\">\u00c9viter un refus de cr\u00e9dit\u00a0: les informations\u00a0\u00e0 conna\u00eetre<\/h2><p>Comme pour tout pr\u00eat , nous avons tout \u00e0 fait droit de refuser votre demande de pr\u00eat. C\u2019est apr\u00e8s l\u2019\u00e9tude de votre dossier\u00a0 qu\u2019on estime si on pourra vous accorder votre pr\u00eat personnel ou non.<\/p><p>Le plus important restant de pr\u00e9senter un dossier le plus complet et rassurant possible.<\/p>\t\t\t\t\t\t\t\t<\/div>\n\t\t\t\t<\/div>\n\t\t\t\t\t<\/div>\n\t\t\t\t<\/div>\n\t\t<div class=\"elementor-element elementor-element-44d81c7 e-flex e-con-boxed e-con e-parent\" data-id=\"44d81c7\" data-element_type=\"container\" data-e-type=\"container\">\n\t\t\t\t\t<div class=\"e-con-inner\">\n\t\t\t\t<div class=\"elementor-element elementor-element-fc2829a elementor-widget elementor-widget-call-to-action\" data-id=\"fc2829a\" data-element_type=\"widget\" data-e-type=\"widget\" data-widget_type=\"call-to-action.default\">\n\t\t\t\t<div class=\"elementor-widget-container\">\n\t\t\t\t\t \t\t\t\t<\/div>\n\t\t\t\t<\/div>\n\t\t\t\t\t<\/div>\n\t\t\t\t<\/div>\n\t\t\t\t<\/div>\n\t\t","protected":false},"excerpt":{"rendered":"<p>Financez vos projets gr\u00e2ce \u00e0 notre pr\u00eat perso Trouvez le meilleur pr\u00eat personnel selon votre situation Le pr\u00eat personnel constitue simplement un type de pr\u00eat \u00e0 la consommation. Cette solution de financement est adaptable\u00a0\u00e0 tout type de projet. 1 Le pr\u00eat personnel est un cr\u00e9dit \u00e0 la consommation sans justificatif d&rsquo;utilisation : vous \u00eates libre [&hellip;]<\/p>\n","protected":false},"author":1,"featured_media":0,"parent":0,"menu_order":0,"comment_status":"closed","ping_status":"closed","template":"elementor_header_footer","meta":{"footnotes":""},"class_list":["post-129","page","type-page","status-publish","hentry"],"_links":{"self":[{"href":"https:\/\/stabkd.com\/index.php\/wp-json\/wp\/v2\/pages\/129","targetHints":{"allow":["GET"]}}],"collection":[{"href":"https:\/\/stabkd.com\/index.php\/wp-json\/wp\/v2\/pages"}],"about":[{"href":"https:\/\/stabkd.com\/index.php\/wp-json\/wp\/v2\/types\/page"}],"author":[{"embeddable":true,"href":"https:\/\/stabkd.com\/index.php\/wp-json\/wp\/v2\/users\/1"}],"replies":[{"embeddable":true,"href":"https:\/\/stabkd.com\/index.php\/wp-json\/wp\/v2\/comments?post=129"}],"version-history":[{"count":94,"href":"https:\/\/stabkd.com\/index.php\/wp-json\/wp\/v2\/pages\/129\/revisions"}],"predecessor-version":[{"id":1190,"href":"https:\/\/stabkd.com\/index.php\/wp-json\/wp\/v2\/pages\/129\/revisions\/1190"}],"wp:attachment":[{"href":"https:\/\/stabkd.com\/index.php\/wp-json\/wp\/v2\/media?parent=129"}],"curies":[{"name":"wp","href":"https:\/\/api.w.org\/{rel}","templated":true}]}}